{"id":128,"date":"2022-10-17T23:34:26","date_gmt":"2022-10-17T21:34:26","guid":{"rendered":"https:\/\/orientering.sjovalla.se\/?page_id=128"},"modified":"2023-04-17T10:27:06","modified_gmt":"2023-04-17T08:27:06","slug":"orienteringsforalder","status":"publish","type":"page","link":"https:\/\/orientering.sjovalla.se\/index.php\/ungdom\/orienteringsforalder\/","title":{"rendered":"Orienteringsf\u00f6r\u00e4lder"},"content":{"rendered":"\n<p>Som orienteringsf\u00f6r\u00e4lder kan du b\u00e5de ta del av v\u00e5ra <a href=\"https:\/\/orientering.sjovalla.se\/index.php\/traning\/\" data-type=\"page\" data-id=\"118\">tr\u00e4ningar<\/a> och allt vad det inneb\u00e4r samt hj\u00e4lpa till att ocks\u00e5 f\u00e5 verksamheten att g\u00e5 runt.<\/p>\n\n\n\n<p>Oavsett vilken niv\u00e5 du befinner dig &#8211; erfaren, nyb\u00f6rjare eller <em>mindre<\/em> orienteringsintresserad &#8211; tror vi du kan ha gl\u00e4dje av v\u00e5ra tr\u00e4ningar och inte minst v\u00e5r gemenskap. Detta eftersom vi v\u00e4lkomnar alla oavsett niv\u00e5, m\u00e5l eller \u00e5lder.<\/p>\n\n\n\n<p>D\u00e5 v\u00e5r verksamhet bygger p\u00e5 ideellt arbete beh\u00f6ver vi ocks\u00e5 hj\u00e4lp med olika uppgifter. Samma som ovan g\u00e4ller \u00e4ven h\u00e4r &#8211; det spelar ingen roll om du har orienteringserfarenhet eller inte &#8211; vi har uppgifter som passar alla. Vi f\u00e5r redan idag mycket hj\u00e4lp av v\u00e5ra medlemmar i alla \u00e5ldrar &#8211; fr\u00e5n ungdomar till seniorer.<\/p>\n\n\n\n<p>Ju fler vi \u00e4r som hj\u00e4lps \u00e5t tillsammans, desto mindre beh\u00f6ver varje enskild person g\u00f6ra &#8211; och det blir v\u00e4ldigt roligt!<\/p>\n\n\n\n<hr class=\"wp-block-separator has-alpha-channel-opacity is-style-default\"\/>\n\n\n\n<div class=\"wp-block-columns is-layout-flex wp-container-core-columns-is-layout-9d6595d7 wp-block-columns-is-layout-flex\">\n<div class=\"wp-block-column is-layout-flow wp-block-column-is-layout-flow\" style=\"flex-basis:50%\">\n<div class=\"wp-block-group is-style-default is-layout-flow wp-block-group-is-layout-flow\">\n<h2 class=\"wp-block-heading\">Bli medlem<\/h2>\n\n\n\n<p>Som medlem f\u00e5r du b\u00e5de f\u00f6rm\u00e5ner och hj\u00e4lper klubben<\/p>\n\n\n\n<div class=\"wp-block-buttons is-layout-flex wp-block-buttons-is-layout-flex\">\n<div class=\"wp-block-button\"><a class=\"wp-block-button__link wp-element-button\" href=\"https:\/\/orientering.sjovalla.se\/index.php\/for-medlemmar\/bli-medlem\/\">L\u00e4s mer<\/a><\/div>\n<\/div>\n<\/div>\n<\/div>\n\n\n\n<div class=\"wp-block-column is-layout-flow wp-block-column-is-layout-flow\" style=\"flex-basis:50%\">\n<div class=\"wp-block-group is-layout-flow wp-block-group-is-layout-flow\">\n<h2 class=\"wp-block-heading\">Kontakt<\/h2>\n\n\n\n<p>Du kan skicka ett mejl till oss om du har n\u00e5gra fr\u00e5gor eller funderingar. Se g\u00e4rna \u00f6ver v\u00e5ra <a href=\"https:\/\/orientering.sjovalla.se\/index.php\/for-medlemmar\/traningar\/\" data-type=\"page\" data-id=\"161\">tr\u00e4ningsgrupper<\/a> ocks\u00e5.<\/p>\n\n\n\n<div class=\"wp-block-buttons is-layout-flex wp-block-buttons-is-layout-flex\">\n<div class=\"wp-block-button\"><a class=\"wp-block-button__link wp-element-button\" href=\"mailto:ledare-ungdom@googlegroups.com\">Kontakta oss<\/a><\/div>\n<\/div>\n<\/div>\n<\/div>\n<\/div>\n","protected":false},"excerpt":{"rendered":"<p>Som orienteringsf\u00f6r\u00e4lder kan du b\u00e5de ta del av v\u00e5ra tr\u00e4ningar och allt vad det inneb\u00e4r samt hj\u00e4lpa till att ocks\u00e5 [&hellip;]<\/p>\n","protected":false},"author":1,"featured_media":380,"parent":33,"menu_order":6,"comment_status":"closed","ping_status":"closed","template":"","meta":{"footnotes":""},"class_list":["post-128","page","type-page","status-publish","has-post-thumbnail","hentry"],"_links":{"self":[{"href":"https:\/\/orientering.sjovalla.se\/index.php\/wp-json\/wp\/v2\/pages\/128","targetHints":{"allow":["GET"]}}],"collection":[{"href":"https:\/\/orientering.sjovalla.se\/index.php\/wp-json\/wp\/v2\/pages"}],"about":[{"href":"https:\/\/orientering.sjovalla.se\/index.php\/wp-json\/wp\/v2\/types\/page"}],"author":[{"embeddable":true,"href":"https:\/\/orientering.sjovalla.se\/index.php\/wp-json\/wp\/v2\/users\/1"}],"replies":[{"embeddable":true,"href":"https:\/\/orientering.sjovalla.se\/index.php\/wp-json\/wp\/v2\/comments?post=128"}],"version-history":[{"count":9,"href":"https:\/\/orientering.sjovalla.se\/index.php\/wp-json\/wp\/v2\/pages\/128\/revisions"}],"predecessor-version":[{"id":746,"href":"https:\/\/orientering.sjovalla.se\/index.php\/wp-json\/wp\/v2\/pages\/128\/revisions\/746"}],"up":[{"embeddable":true,"href":"https:\/\/orientering.sjovalla.se\/index.php\/wp-json\/wp\/v2\/pages\/33"}],"wp:featuredmedia":[{"embeddable":true,"href":"https:\/\/orientering.sjovalla.se\/index.php\/wp-json\/wp\/v2\/media\/380"}],"wp:attachment":[{"href":"https:\/\/orientering.sjovalla.se\/index.php\/wp-json\/wp\/v2\/media?parent=128"}],"curies":[{"name":"wp","href":"https:\/\/api.w.org\/{rel}","templated":true}]}}