{"id":17,"date":"2022-10-04T23:34:22","date_gmt":"2022-10-04T21:34:22","guid":{"rendered":"https:\/\/orientering.sjovalla.se\/?page_id=17"},"modified":"2023-03-04T17:12:12","modified_gmt":"2023-03-04T16:12:12","slug":"arrangemang","status":"publish","type":"page","link":"https:\/\/orientering.sjovalla.se\/index.php\/arrangemang\/","title":{"rendered":"Arrangemang"},"content":{"rendered":"\n<p>H\u00e4r \u00e4r n\u00e5gra \u00e5terkommande arrangemang som kan vara extra kul att k\u00e4nna till:<\/p>\n\n\n\n<ul class=\"wp-block-list\">\n<li><a href=\"https:\/\/orientering.sjovalla.se\/index.php\/arrangemang\/goteborgsdubbeln\/\" data-type=\"page\" data-id=\"111\">G\u00f6teborgsdubbeln <\/a>&#8211; v\u00e5r (Sj\u00f6valla arrangerar)<\/li>\n\n\n\n<li><a href=\"https:\/\/orientering.sjovalla.se\/index.php\/arrangemang\/goteborgsvarvet\/\" data-type=\"page\" data-id=\"80\">G\u00f6teborgsvarvet <\/a>&#8211; v\u00e5r (Sj\u00f6valla \u00e4r funktion\u00e4rer)<\/li>\n\n\n\n<li><a href=\"https:\/\/orientering.sjovalla.se\/index.php\/arrangemang\/goteborgsvarvetmaraton\/\" data-type=\"page\" data-id=\"606\">G\u00f6teborgsvarvet Maraton<\/a> &#8211; 3 september (sj\u00f6valla \u00e4r funktion\u00e4r)<\/li>\n<\/ul>\n\n\n\n<p>Se \u00e4ven information om <a href=\"https:\/\/orientering.sjovalla.se\/index.php\/for-medlemmar\/tavlingar\/klubbmasterskap\/\" data-type=\"page\" data-id=\"188\">klubbm\u00e4sterskap<\/a>, <a href=\"https:\/\/orientering.sjovalla.se\/index.php\/arrangemang\/spok-ol\/\" data-type=\"page\" data-id=\"231\">Sp\u00f6k-OL<\/a> f\u00f6r ungdomar samt <a href=\"https:\/\/orientering.sjovalla.se\/index.php\/lar-dig-mer\/grundlaggande-om-orientering\/\" data-type=\"page\" data-id=\"39\">grundl\u00e4ggande \u00f6versikt<\/a> \u00f6ver \u00e5ret.<\/p>\n","protected":false},"excerpt":{"rendered":"<p>H\u00e4r \u00e4r n\u00e5gra \u00e5terkommande arrangemang som kan vara extra kul att k\u00e4nna till: Se \u00e4ven information om klubbm\u00e4sterskap, Sp\u00f6k-OL f\u00f6r [&hellip;]<\/p>\n","protected":false},"author":1,"featured_media":0,"parent":0,"menu_order":0,"comment_status":"closed","ping_status":"closed","template":"","meta":{"footnotes":""},"class_list":["post-17","page","type-page","status-publish","hentry"],"_links":{"self":[{"href":"https:\/\/orientering.sjovalla.se\/index.php\/wp-json\/wp\/v2\/pages\/17","targetHints":{"allow":["GET"]}}],"collection":[{"href":"https:\/\/orientering.sjovalla.se\/index.php\/wp-json\/wp\/v2\/pages"}],"about":[{"href":"https:\/\/orientering.sjovalla.se\/index.php\/wp-json\/wp\/v2\/types\/page"}],"author":[{"embeddable":true,"href":"https:\/\/orientering.sjovalla.se\/index.php\/wp-json\/wp\/v2\/users\/1"}],"replies":[{"embeddable":true,"href":"https:\/\/orientering.sjovalla.se\/index.php\/wp-json\/wp\/v2\/comments?post=17"}],"version-history":[{"count":9,"href":"https:\/\/orientering.sjovalla.se\/index.php\/wp-json\/wp\/v2\/pages\/17\/revisions"}],"predecessor-version":[{"id":1164,"href":"https:\/\/orientering.sjovalla.se\/index.php\/wp-json\/wp\/v2\/pages\/17\/revisions\/1164"}],"wp:attachment":[{"href":"https:\/\/orientering.sjovalla.se\/index.php\/wp-json\/wp\/v2\/media?parent=17"}],"curies":[{"name":"wp","href":"https:\/\/api.w.org\/{rel}","templated":true}]}}