{"id":400,"date":"2022-12-20T08:33:36","date_gmt":"2022-12-20T07:33:36","guid":{"rendered":"https:\/\/orientering.sjovalla.se\/?page_id=400"},"modified":"2025-12-07T12:18:00","modified_gmt":"2025-12-07T11:18:00","slug":"subventioner","status":"publish","type":"page","link":"https:\/\/orientering.sjovalla.se\/index.php\/for-medlemmar\/subventioner\/","title":{"rendered":"Subventioner 2025"},"content":{"rendered":"\n<p>Som medlem i Sj\u00f6valla \u00e4r en av f\u00f6rdelarna att du f\u00e5r subvention p\u00e5 m\u00e5nga orienteringst\u00e4vlingar. Detta \u00e4r m\u00f6jligt genom att vi alla hj\u00e4lper till med olika uppgifter i klubbens verksamhet, tex arrangemang, tr\u00e4ningar och administration.<\/p>\n\n\n\n<p>Vi vill ocks\u00e5 generellt att n\u00e4r man kommit ig\u00e5ng med sitt t\u00e4vlande i \u00e5ldersklass springer i n\u00e5gon av klubbens t\u00e4vlingstr\u00f6jor och \u00e4ven har denna eller klubbens \u00f6verdragsjacka p\u00e5 sig p\u00e5 ev prisutdelning.<\/p>\n\n\n\n<p>Generellt subventioneras t\u00e4vlingsdeltagande med 25-40% och det \u00e4r helt gratis att delta p\u00e5 V\u00e5rserien, Ungdomsnatt och de flesta stafetter. Man betalar sj\u00e4lv om man inte startar, den f\u00f6rh\u00f6jda avgiften vid efteranm\u00e4lan samt ev hyra av SI-pinne. Detaljer nedan.<\/p>\n\n\n\n<p><strong>Subventioner p\u00e5 startavgifter<\/strong><\/p>\n\n\n\n<ul class=\"wp-block-list\">\n<li>V\u00e5rserien och Ungdomsnatt ger&nbsp;100%&nbsp;rabatt f\u00f6r ungdomar upp till 16 \u00e5r.<\/li>\n\n\n\n<li>Startavgifter f\u00f6r stafetter d\u00e4r lagen med minst tre personer s\u00e4tts ihop av klubbens uttagningsansvariga betalas helt av Sj\u00f6valla (tex 10mila, Ungdomens 10mila, 25-manna, Bagheerastafetten).<\/li>\n\n\n\n<li>Patrullt\u00e4vlingar, tv\u00e5manna-stafetter och familje\/kompis-lag p\u00e5 stafetter subventioneras som vanliga t\u00e4vlingar nedan.<\/li>\n\n\n\n<li>\u00d6vriga t\u00e4vlingar ger&nbsp;25-40%&nbsp;rabatt beroende p\u00e5 hur mycket v\u00e5ra arrangemang dragit in under \u00e5ret och \u00f6vriga utgifter. Niv\u00e5n f\u00f6r subventionen best\u00e4ms vid resp fakturautskick.<\/li>\n<\/ul>\n\n\n\n<p><strong>Subventioner  p\u00e5 resor och l\u00e4ger<\/strong><\/p>\n\n\n\n<ul class=\"wp-block-list\">\n<li>Boende f\u00f6r t\u00e4vlande p\u00e5 Junior-SM-t\u00e4vlingar subventioneras i de OL-discipliner d\u00e4r vi har verksamhet, resa betalas sj\u00e4lv. Avst\u00e4mning i f\u00f6rv\u00e4g med styrelsen, helst redan under budgetperioden.<\/li>\n\n\n\n<li>P\u00e5 10-mila och U10-mila betalar SFK ut\u00f6ver startavgift \u00e4ven billigaste alternativ p\u00e5 boende (tex milit\u00e4rt\u00e4lt p\u00e5 ungdomens 10-mila).<\/li>\n\n\n\n<li>T\u00e4vlingsresor och l\u00e4ger arrangerade av G\u00f6teborgs orienteringsf\u00f6rbund eller Svenska orienteringsf\u00f6rbundet subventioneras till 40%, max 1000kr per resa. (resa + boende + mat + startavgifter som faktureras tillsammans med resa)<\/li>\n\n\n\n<li>Sj\u00f6vallas egna l\u00e4ger kostar aldrig mer \u00e4n sj\u00e4lvkostnadspris, ofta brukar klubben hj\u00e4lpa till tex med att betala boendet (h\u00e5rt underlag) och ev kartor, best\u00e4ms fall till fall.<\/li>\n\n\n\n<li>Deltagarens kostnad f\u00f6r 25manna best\u00e4ms under h\u00f6sten f\u00f6r varje \u00e5r beroende p\u00e5 ekonomiskt utfall tidigare under \u00e5ret. Vanligtvis gener\u00f6s subvention d\u00e5 det \u00e4r en t\u00e4vling viktig f\u00f6r klubbgemenskapen d\u00e4r vi extra g\u00e4rna ser att s\u00e5 m\u00e5nga som m\u00f6jligt deltar. <\/li>\n<\/ul>\n\n\n\n<p><strong>Subventioner p\u00e5 kl\u00e4der<\/strong><\/p>\n\n\n\n<ul class=\"wp-block-list\">\n<li>Subvention p\u00e5 klubbkl\u00e4der f\u00f6r ungdomar upp till 16 \u00e5r, se <a href=\"https:\/\/orientering.sjovalla.se\/index.php\/klader\/\" data-type=\"URL\" data-id=\"https:\/\/orientering.sjovalla.se\/index.php\/klader\/\">Kl\u00e4der<\/a><\/li>\n<\/ul>\n\n\n\n<p><strong>Klubben subventionerar inte<\/strong><\/p>\n\n\n\n<ul class=\"wp-block-list\">\n<li>Anm\u00e4lningsavgift vid \u201dEj start\u201d<\/li>\n\n\n\n<li>Hyrbricka\/SI-pinne<\/li>\n\n\n\n<li>Efteranm\u00e4lningsavgifter och extra kostnad om man inte anm\u00e4lt sig i tid f\u00f6r l\u00e4gsta prisklass.<\/li>\n\n\n\n<li>Mat, camping, parkavgifter etc (undantag ovan)<\/li>\n\n\n\n<li>Veteran-OL\/Skogsflickor\/Skogskarlar\/Motionsorientering, ska om m\u00f6jligt betalas med swish p\u00e5 plats\/till arrang\u00f6r.<\/li>\n\n\n\n<li>T\u00e4vlingar utomlands, ska betalas p\u00e5 plats \/ i f\u00f6rv\u00e4g<\/li>\n\n\n\n<li>O-Ringen och andra t\u00e4vlingar som ej hanteras via Eventor<\/li>\n\n\n\n<li>Rankingavgift<\/li>\n\n\n\n<li>GOF-kl\u00e4der<\/li>\n<\/ul>\n\n\n\n<p><\/p>\n\n\n\n<p>Ovanst\u00e5ende \u00e4r att se som riktlinjer och avvikelser kan f\u00f6rekomma.<\/p>\n\n\n\n<p>Tanken med dessa subventioner \u00e4r att hj\u00e4lpa v\u00e5ra medlemmar att komma ut i skogen \u2013 inte minst g\u00e4llande v\u00e5ra ungdomar!<\/p>\n\n\n\n<p>Kostnadsbesparande alternativ ska v\u00e4ljas vid arrangerande av boende och resor, tex gruppbiljetter, fyllda bilar, h\u00e5rt underlag om s\u00e5 erbjuds etc. \u00c4ven milj\u00f6aspekter ska beaktas<\/p>\n\n\n\n<p>Extra subvention kan s\u00f6kas genom kontakt med sektionsstyrelsen.<\/p>\n\n\n\n<h2 class=\"wp-block-heading\">Fakturering<\/h2>\n\n\n\n<p>Normalt sett sker anm\u00e4lan till t\u00e4vlingar via Eventor. Detta inneb\u00e4r (oftast) att man inte betalar p\u00e5 plats vid sj\u00e4lva t\u00e4vlingen. Fakturering sker mellan klubbarna och utgifter registreras l\u00f6pande i Eventor. Ibland \u00e4r det fel i underlaget f\u00f6r avgifterna som kommer fr\u00e5n Eventor, dessa fall f\u00f6rs\u00f6ker vi hantera p\u00e5 b\u00e4sta och smidigaste s\u00e4tt och hoppas p\u00e5 f\u00f6rst\u00e5else om de skulle uppst\u00e5.<\/p>\n\n\n\n<p>Tv\u00e5 g\u00e5nger om \u00e5ret (augusti och december) g\u00e5r Sj\u00f6valla igenom innest\u00e5ende betalningar och skickar ut fakturor till respektive medlem. Dessa fakturor skickas ut per mejl. Den e-post som anv\u00e4nds \u00e4r den som finns registrerad i v\u00e5rt medlemregister i <a href=\"https:\/\/www.rf.se\/bidrag-och-stod\/it-tjanster\/idrottonline\" data-type=\"URL\" data-id=\"https:\/\/www.rf.se\/bidrag-och-stod\/it-tjanster\/idrottonline\">Idrottonline<\/a>, du kan uppdatera den sj\u00e4lv som inloggad. Notera att fakturor skickas till den person som deltagit, dvs f\u00f6r barn\/ungdomar till den adress som \u00e4r registrerad p\u00e5 barnets konto (en del har barnets adress h\u00e4r, en del har v\u00e5rdnadshavares adress).<\/p>\n\n\n\n<p>Har du fr\u00e5gor kring subventionerna kontakta ordforande.orientering@sjovalla.se och om det skulle uppst\u00e5 tveksamheter om n\u00e5gon faktura ber vi dig att h\u00f6ra av dig till fakturor.orientering@sjovalla.se.<\/p>\n\n\n\n<p>Alla fakturor f\u00f6r f\u00f6rsta halv\u00e5ret 2025 \u00e4r betalda. H\u00f6stens fakturor skickas ut i b\u00f6rjan\/mitten av december.<\/p>\n\n\n\n<p><\/p>\n\n\n\n<p><\/p>\n","protected":false},"excerpt":{"rendered":"<p>Som medlem i Sj\u00f6valla \u00e4r en av f\u00f6rdelarna att du f\u00e5r subvention p\u00e5 m\u00e5nga orienteringst\u00e4vlingar. Detta \u00e4r m\u00f6jligt genom att [&hellip;]<\/p>\n","protected":false},"author":4,"featured_media":0,"parent":114,"menu_order":0,"comment_status":"closed","ping_status":"closed","template":"","meta":{"footnotes":""},"class_list":["post-400","page","type-page","status-publish","hentry"],"_links":{"self":[{"href":"https:\/\/orientering.sjovalla.se\/index.php\/wp-json\/wp\/v2\/pages\/400","targetHints":{"allow":["GET"]}}],"collection":[{"href":"https:\/\/orientering.sjovalla.se\/index.php\/wp-json\/wp\/v2\/pages"}],"about":[{"href":"https:\/\/orientering.sjovalla.se\/index.php\/wp-json\/wp\/v2\/types\/page"}],"author":[{"embeddable":true,"href":"https:\/\/orientering.sjovalla.se\/index.php\/wp-json\/wp\/v2\/users\/4"}],"replies":[{"embeddable":true,"href":"https:\/\/orientering.sjovalla.se\/index.php\/wp-json\/wp\/v2\/comments?post=400"}],"version-history":[{"count":34,"href":"https:\/\/orientering.sjovalla.se\/index.php\/wp-json\/wp\/v2\/pages\/400\/revisions"}],"predecessor-version":[{"id":1230,"href":"https:\/\/orientering.sjovalla.se\/index.php\/wp-json\/wp\/v2\/pages\/400\/revisions\/1230"}],"up":[{"embeddable":true,"href":"https:\/\/orientering.sjovalla.se\/index.php\/wp-json\/wp\/v2\/pages\/114"}],"wp:attachment":[{"href":"https:\/\/orientering.sjovalla.se\/index.php\/wp-json\/wp\/v2\/media?parent=400"}],"curies":[{"name":"wp","href":"https:\/\/api.w.org\/{rel}","templated":true}]}}