{"id":726,"date":"2023-04-10T12:56:11","date_gmt":"2023-04-10T10:56:11","guid":{"rendered":"https:\/\/orientering.sjovalla.se\/?page_id=726"},"modified":"2023-04-10T13:11:31","modified_gmt":"2023-04-10T11:11:31","slug":"inloggningshjalp-till-eventor","status":"publish","type":"page","link":"https:\/\/orientering.sjovalla.se\/index.php\/for-medlemmar\/eventor\/inloggningshjalp-till-eventor\/","title":{"rendered":"Inloggningshj\u00e4lp till Eventor"},"content":{"rendered":"\n<h3 class=\"wp-block-heading\">Steg 1 &#8211; Kontroll av anv\u00e4ndarnamn och l\u00f6senord<\/h3>\n\n\n\n<p>Bes\u00f6k inloggningssidan f\u00f6r IdrottOnline. Det g\u00f6r du genom att surfa till f\u00f6ljande adress: <a href=\"https:\/\/login.idrottonline.se\">https:\/\/login.idrottonline.se<\/a><\/p>\n\n\n\n<p>P\u00e5 denna sida:<\/p>\n\n\n\n<figure class=\"wp-block-image size-large is-resized\"><img loading=\"lazy\" decoding=\"async\" src=\"https:\/\/orientering.sjovalla.se\/wp-content\/uploads\/2023\/04\/image-3-1024x759.png\" alt=\"\" class=\"wp-image-729\" width=\"320\" height=\"236\" srcset=\"https:\/\/orientering.sjovalla.se\/wp-content\/uploads\/2023\/04\/image-3-1024x759.png 1024w, https:\/\/orientering.sjovalla.se\/wp-content\/uploads\/2023\/04\/image-3-300x222.png 300w, https:\/\/orientering.sjovalla.se\/wp-content\/uploads\/2023\/04\/image-3-1032x765.png 1032w, https:\/\/orientering.sjovalla.se\/wp-content\/uploads\/2023\/04\/image-3.png 1068w\" sizes=\"auto, (max-width: 320px) 100vw, 320px\" \/><\/figure>\n\n\n\n<ul class=\"wp-block-list\">\n<li>1) Anger du ditt anv\u00e4ndarnamn p\u00e5 format IIDnnnnnnnn (dvs &#8221;IID&#8221; plus 8 siffror). Man kan anv\u00e4nda sitt personnummer ocks\u00e5<\/li>\n\n\n\n<li>2) Anger du ditt l\u00f6senord<\/li>\n\n\n\n<li>3) D\u00e4refter klickar du p\u00e5 Login \/ Logga in<\/li>\n<\/ul>\n\n\n\n<p>Om du lyckas logga in s\u00e5 vet du vilket anv\u00e4ndarnamn och l\u00f6senord du ska anv\u00e4nda f\u00f6r att logga in \u00e4ven i Eventor. Du kan nu v\u00e4lja att logga ut och g\u00e5 vidare till steg 2.<\/p>\n\n\n\n<p>Om du inte lyckas logga in (till exempel gl\u00f6mt l\u00f6senordet) kan du:<\/p>\n\n\n\n<ul class=\"wp-block-list\">\n<li>4) Klicka p\u00e5 &#8221;Forgot password \/ Gl\u00f6mt l\u00f6senord&#8221;<\/li>\n\n\n\n<li>F\u00f6lj instruktionerna s\u00e5 ska du f\u00e5 m\u00f6jlighet att skapa ett nytt l\u00f6senord som du sedan kan anv\u00e4nda i Eventor, se nedan.\n<ul class=\"wp-block-list\">\n<li>Du kommer troligen f\u00e5 ett mejl till din mejladress (registrerad i IdrottOnline) med en l\u00e4nk att klicka p\u00e5 f\u00f6r att skapa ett nytt l\u00f6senord<\/li>\n\n\n\n<li>Om du inte f\u00e5r n\u00e5got mejl inom 5-10 minuter, kontrollera ifall det hamnat i skr\u00e4pposten (brukar finnas en katalog med namn &#8221;Skr\u00e4p&#8221; eller liknande i din mejlapp)<\/li>\n<\/ul>\n<\/li>\n<\/ul>\n\n\n\n<h3 class=\"wp-block-heading\">Steg 2 &#8211; Inloggning i Eventor<\/h3>\n\n\n\n<p>Nu vet vi vilket anv\u00e4ndarnamn och l\u00f6senord du ska anv\u00e4nda f\u00f6r att logga in till Eventor. Inloggningen sker p\u00e5 f\u00f6ljande adress: <a href=\"https:\/\/eventor.orientering.se\/Login\">https:\/\/eventor.orientering.se\/login<\/a>.<\/p>\n\n\n\n<p>V\u00e4lj det mittersta alternativet, dvs:<br><\/p>\n\n\n\n<figure class=\"wp-block-image size-large is-resized\"><img loading=\"lazy\" decoding=\"async\" src=\"https:\/\/orientering.sjovalla.se\/wp-content\/uploads\/2023\/04\/image-4-1024x384.png\" alt=\"\" class=\"wp-image-730\" width=\"376\" height=\"141\" srcset=\"https:\/\/orientering.sjovalla.se\/wp-content\/uploads\/2023\/04\/image-4-1024x384.png 1024w, https:\/\/orientering.sjovalla.se\/wp-content\/uploads\/2023\/04\/image-4-300x112.png 300w, https:\/\/orientering.sjovalla.se\/wp-content\/uploads\/2023\/04\/image-4-768x288.png 768w, https:\/\/orientering.sjovalla.se\/wp-content\/uploads\/2023\/04\/image-4.png 1196w\" sizes=\"auto, (max-width: 376px) 100vw, 376px\" \/><\/figure>\n\n\n\n<ul class=\"wp-block-list\">\n<li>1) Ange ditt anv\u00e4ndarnamn, dvs IID00469013<\/li>\n\n\n\n<li>2) Ange det l\u00f6senord som fungerade ovan (antingen det du redan hade eller det nya om du f\u00f6rnyat det enligt punkt 4 ovan)<\/li>\n\n\n\n<li>3) Logga in<\/li>\n<\/ul>\n\n\n\n<p>Klart<\/p>\n","protected":false},"excerpt":{"rendered":"<p>Steg 1 &#8211; Kontroll av anv\u00e4ndarnamn och l\u00f6senord Bes\u00f6k inloggningssidan f\u00f6r IdrottOnline. Det g\u00f6r du genom att surfa till f\u00f6ljande [&hellip;]<\/p>\n","protected":false},"author":4,"featured_media":0,"parent":363,"menu_order":0,"comment_status":"closed","ping_status":"closed","template":"","meta":{"footnotes":""},"class_list":["post-726","page","type-page","status-publish","hentry"],"_links":{"self":[{"href":"https:\/\/orientering.sjovalla.se\/index.php\/wp-json\/wp\/v2\/pages\/726","targetHints":{"allow":["GET"]}}],"collection":[{"href":"https:\/\/orientering.sjovalla.se\/index.php\/wp-json\/wp\/v2\/pages"}],"about":[{"href":"https:\/\/orientering.sjovalla.se\/index.php\/wp-json\/wp\/v2\/types\/page"}],"author":[{"embeddable":true,"href":"https:\/\/orientering.sjovalla.se\/index.php\/wp-json\/wp\/v2\/users\/4"}],"replies":[{"embeddable":true,"href":"https:\/\/orientering.sjovalla.se\/index.php\/wp-json\/wp\/v2\/comments?post=726"}],"version-history":[{"count":3,"href":"https:\/\/orientering.sjovalla.se\/index.php\/wp-json\/wp\/v2\/pages\/726\/revisions"}],"predecessor-version":[{"id":732,"href":"https:\/\/orientering.sjovalla.se\/index.php\/wp-json\/wp\/v2\/pages\/726\/revisions\/732"}],"up":[{"embeddable":true,"href":"https:\/\/orientering.sjovalla.se\/index.php\/wp-json\/wp\/v2\/pages\/363"}],"wp:attachment":[{"href":"https:\/\/orientering.sjovalla.se\/index.php\/wp-json\/wp\/v2\/media?parent=726"}],"curies":[{"name":"wp","href":"https:\/\/api.w.org\/{rel}","templated":true}]}}