{"id":774,"date":"2023-05-09T21:50:56","date_gmt":"2023-05-09T19:50:56","guid":{"rendered":"https:\/\/orientering.sjovalla.se\/?page_id=774"},"modified":"2026-03-23T15:58:15","modified_gmt":"2026-03-23T14:58:15","slug":"kartor","status":"publish","type":"page","link":"https:\/\/orientering.sjovalla.se\/index.php\/sjovalla-fk-orientering\/kartor\/","title":{"rendered":"Kartor"},"content":{"rendered":"\n<p>Kontakta Magnus Alinder (<a href=\"mailto:kartor.orientering@sjovalla.se\">kartor.orientering@sjovalla.se<\/a>) f\u00f6r kartfr\u00e5gor. <\/p>\n\n\n\n<p>Sj\u00f6valla \u00e4r medlem i f\u00f6reningen G\u00f6teborgskartor (<a href=\"http:\/\/gkr.se\" data-type=\"URL\" data-id=\"gkr.se\">GKR<\/a>) och \u00e4r kontaktf\u00f6rening f\u00f6r kartorna Finnsj\u00f6n Norr samt Finnsj\u00f6n SV.<\/p>\n\n\n\n<figure class=\"wp-block-gallery has-nested-images columns-default is-cropped wp-block-gallery-1 is-layout-flex wp-block-gallery-is-layout-flex\">\n<figure class=\"wp-block-image size-large\"><img loading=\"lazy\" decoding=\"async\" width=\"512\" height=\"433\" data-id=\"777\" src=\"https:\/\/orientering.sjovalla.se\/wp-content\/uploads\/2023\/05\/FinnsjonNorr-1.png\" alt=\"\" class=\"wp-image-777\" srcset=\"https:\/\/orientering.sjovalla.se\/wp-content\/uploads\/2023\/05\/FinnsjonNorr-1.png 512w, https:\/\/orientering.sjovalla.se\/wp-content\/uploads\/2023\/05\/FinnsjonNorr-1-300x254.png 300w\" sizes=\"auto, (max-width: 512px) 100vw, 512px\" \/><\/figure>\n\n\n\n<figure class=\"wp-block-image size-large\"><img loading=\"lazy\" decoding=\"async\" width=\"512\" height=\"376\" data-id=\"776\" src=\"https:\/\/orientering.sjovalla.se\/wp-content\/uploads\/2023\/05\/FinnsjonSV.png\" alt=\"\" class=\"wp-image-776\" srcset=\"https:\/\/orientering.sjovalla.se\/wp-content\/uploads\/2023\/05\/FinnsjonSV.png 512w, https:\/\/orientering.sjovalla.se\/wp-content\/uploads\/2023\/05\/FinnsjonSV-300x220.png 300w\" sizes=\"auto, (max-width: 512px) 100vw, 512px\" \/><\/figure>\n<\/figure>\n\n\n\n<p>Sj\u00f6valla har tagit fram en sprintkarta \u00f6ver M\u00f6lnlycke Centrum som anv\u00e4ndes till DM Sprint 2021.<\/p>\n\n\n\n<figure class=\"wp-block-image size-full\"><img loading=\"lazy\" decoding=\"async\" width=\"460\" height=\"262\" src=\"https:\/\/orientering.sjovalla.se\/wp-content\/uploads\/2023\/05\/MolnlyckeSprintkarta.png\" alt=\"\" class=\"wp-image-778\" srcset=\"https:\/\/orientering.sjovalla.se\/wp-content\/uploads\/2023\/05\/MolnlyckeSprintkarta.png 460w, https:\/\/orientering.sjovalla.se\/wp-content\/uploads\/2023\/05\/MolnlyckeSprintkarta-300x171.png 300w\" sizes=\"auto, (max-width: 460px) 100vw, 460px\" \/><\/figure>\n\n\n\n<p>NOTERA<strong>:<\/strong> All form av m\u00e5ngfaldigande (kopiering, tryck eller utskrift) eller annan anv\u00e4ndning av kartorna \u00e4r f\u00f6rbjudet utan tillst\u00e5nd.<\/p>\n\n\n\n<p><\/p>\n\n\n\n<h2 class=\"wp-block-heading\">F\u00f6r Skolor<\/h2>\n\n\n\n<p>I samarbete med GKR s\u00e5 har skolkartor \u00f6ver omr\u00e5det kring Finnsj\u00f6g\u00e5rden tagits fram och distribueras som pdf till skolor efter f\u00f6rfr\u00e5gan.<\/p>\n\n\n\n<figure class=\"wp-block-image size-full\"><img loading=\"lazy\" decoding=\"async\" width=\"341\" height=\"417\" src=\"https:\/\/orientering.sjovalla.se\/wp-content\/uploads\/2023\/05\/SkolkartaFinnsjon.png\" alt=\"\" class=\"wp-image-779\" srcset=\"https:\/\/orientering.sjovalla.se\/wp-content\/uploads\/2023\/05\/SkolkartaFinnsjon.png 341w, https:\/\/orientering.sjovalla.se\/wp-content\/uploads\/2023\/05\/SkolkartaFinnsjon-245x300.png 245w\" sizes=\"auto, (max-width: 341px) 100vw, 341px\" \/><\/figure>\n\n\n\n<figure class=\"wp-block-image size-full\"><img loading=\"lazy\" decoding=\"async\" width=\"951\" height=\"664\" src=\"https:\/\/orientering.sjovalla.se\/wp-content\/uploads\/2023\/10\/SkolkartaFinsjonStor.jpg\" alt=\"\" class=\"wp-image-1030\" srcset=\"https:\/\/orientering.sjovalla.se\/wp-content\/uploads\/2023\/10\/SkolkartaFinsjonStor.jpg 951w, https:\/\/orientering.sjovalla.se\/wp-content\/uploads\/2023\/10\/SkolkartaFinsjonStor-300x209.jpg 300w, https:\/\/orientering.sjovalla.se\/wp-content\/uploads\/2023\/10\/SkolkartaFinsjonStor-768x536.jpg 768w\" sizes=\"auto, (max-width: 951px) 100vw, 951px\" \/><\/figure>\n\n\n\n<p>Vi har ocks\u00e5 en skolkarta skapad \u00f6ver omr\u00e5det kring H\u00f6gadalsskolan. <\/p>\n\n\n\n<figure class=\"wp-block-image size-full\"><img loading=\"lazy\" decoding=\"async\" width=\"964\" height=\"674\" src=\"https:\/\/orientering.sjovalla.se\/wp-content\/uploads\/2023\/10\/SkolkartaHogadal.jpg\" alt=\"\" class=\"wp-image-1031\" srcset=\"https:\/\/orientering.sjovalla.se\/wp-content\/uploads\/2023\/10\/SkolkartaHogadal.jpg 964w, https:\/\/orientering.sjovalla.se\/wp-content\/uploads\/2023\/10\/SkolkartaHogadal-300x210.jpg 300w, https:\/\/orientering.sjovalla.se\/wp-content\/uploads\/2023\/10\/SkolkartaHogadal-768x537.jpg 768w\" sizes=\"auto, (max-width: 964px) 100vw, 964px\" \/><\/figure>\n\n\n\n<p><\/p>\n","protected":false},"excerpt":{"rendered":"<p>Kontakta Magnus Alinder (kartor.orientering@sjovalla.se) f\u00f6r kartfr\u00e5gor. Sj\u00f6valla \u00e4r medlem i f\u00f6reningen G\u00f6teborgskartor (GKR) och \u00e4r kontaktf\u00f6rening f\u00f6r kartorna Finnsj\u00f6n Norr [&hellip;]<\/p>\n","protected":false},"author":20,"featured_media":0,"parent":2,"menu_order":1,"comment_status":"closed","ping_status":"closed","template":"","meta":{"footnotes":""},"class_list":["post-774","page","type-page","status-publish","hentry"],"_links":{"self":[{"href":"https:\/\/orientering.sjovalla.se\/index.php\/wp-json\/wp\/v2\/pages\/774","targetHints":{"allow":["GET"]}}],"collection":[{"href":"https:\/\/orientering.sjovalla.se\/index.php\/wp-json\/wp\/v2\/pages"}],"about":[{"href":"https:\/\/orientering.sjovalla.se\/index.php\/wp-json\/wp\/v2\/types\/page"}],"author":[{"embeddable":true,"href":"https:\/\/orientering.sjovalla.se\/index.php\/wp-json\/wp\/v2\/users\/20"}],"replies":[{"embeddable":true,"href":"https:\/\/orientering.sjovalla.se\/index.php\/wp-json\/wp\/v2\/comments?post=774"}],"version-history":[{"count":6,"href":"https:\/\/orientering.sjovalla.se\/index.php\/wp-json\/wp\/v2\/pages\/774\/revisions"}],"predecessor-version":[{"id":1238,"href":"https:\/\/orientering.sjovalla.se\/index.php\/wp-json\/wp\/v2\/pages\/774\/revisions\/1238"}],"up":[{"embeddable":true,"href":"https:\/\/orientering.sjovalla.se\/index.php\/wp-json\/wp\/v2\/pages\/2"}],"wp:attachment":[{"href":"https:\/\/orientering.sjovalla.se\/index.php\/wp-json\/wp\/v2\/media?parent=774"}],"curies":[{"name":"wp","href":"https:\/\/api.w.org\/{rel}","templated":true}]}}