{"id":80,"date":"2022-10-17T20:39:04","date_gmt":"2022-10-17T18:39:04","guid":{"rendered":"https:\/\/orientering.sjovalla.se\/?page_id=80"},"modified":"2026-03-06T20:39:57","modified_gmt":"2026-03-06T19:39:57","slug":"goteborgsvarvet","status":"publish","type":"page","link":"https:\/\/orientering.sjovalla.se\/index.php\/arrangemang\/goteborgsvarvet\/","title":{"rendered":"G\u00f6teborgsvarvet"},"content":{"rendered":"\n<p>Hela f\u00f6reningen hj\u00e4lper till med en vattenstation i Majorna under G\u00f6teborgsvarvet. En v\u00e4ldigt viktig aktivitet f\u00f6r f\u00f6reningen d\u00e5 det inneb\u00e4r ett bra ekonomiskt tillskott \u2013 men det \u00e4r ocks\u00e5 v\u00e4ldigt, v\u00e4ldigt roligt.<\/p>\n\n\n\n<p><strong>G\u00f6teborgsvarvet<\/strong><\/p>\n\n\n\n<p><strong>L\u00f6rdagen den 23 maj<\/strong> \u00e4r det dags f\u00f6r G\u00f6teborgsvarvet 2026\u00a0 &#8211; och Sj\u00f6valla FK \u00e4r som vanligt med som funktion\u00e4rer vid v\u00e4tskestation vid Ostindiegatan.<\/p>\n\n\n\n<p>D\u00e5 det \u00e4r en gemensam aktivitet f\u00f6r hela f\u00f6reningen kan du l\u00e4sa mer och anm\u00e4la dig p\u00e5 f\u00f6ljande l\u00e4nk: <a href=\"https:\/\/www.sjovalla.se\/index.php\/arrangemang\/goteborgsvarvet\/\">G\u00f6teborgsvarvet 2026<\/a>.<\/p>\n\n\n\n<p>\ufeff<\/p>\n\n\n\n<p><\/p>\n","protected":false},"excerpt":{"rendered":"<p>Hela f\u00f6reningen hj\u00e4lper till med en vattenstation i Majorna under G\u00f6teborgsvarvet. En v\u00e4ldigt viktig aktivitet f\u00f6r f\u00f6reningen d\u00e5 det inneb\u00e4r [&hellip;]<\/p>\n","protected":false},"author":4,"featured_media":0,"parent":17,"menu_order":0,"comment_status":"closed","ping_status":"closed","template":"","meta":{"footnotes":""},"class_list":["post-80","page","type-page","status-publish","hentry"],"_links":{"self":[{"href":"https:\/\/orientering.sjovalla.se\/index.php\/wp-json\/wp\/v2\/pages\/80","targetHints":{"allow":["GET"]}}],"collection":[{"href":"https:\/\/orientering.sjovalla.se\/index.php\/wp-json\/wp\/v2\/pages"}],"about":[{"href":"https:\/\/orientering.sjovalla.se\/index.php\/wp-json\/wp\/v2\/types\/page"}],"author":[{"embeddable":true,"href":"https:\/\/orientering.sjovalla.se\/index.php\/wp-json\/wp\/v2\/users\/4"}],"replies":[{"embeddable":true,"href":"https:\/\/orientering.sjovalla.se\/index.php\/wp-json\/wp\/v2\/comments?post=80"}],"version-history":[{"count":13,"href":"https:\/\/orientering.sjovalla.se\/index.php\/wp-json\/wp\/v2\/pages\/80\/revisions"}],"predecessor-version":[{"id":1235,"href":"https:\/\/orientering.sjovalla.se\/index.php\/wp-json\/wp\/v2\/pages\/80\/revisions\/1235"}],"up":[{"embeddable":true,"href":"https:\/\/orientering.sjovalla.se\/index.php\/wp-json\/wp\/v2\/pages\/17"}],"wp:attachment":[{"href":"https:\/\/orientering.sjovalla.se\/index.php\/wp-json\/wp\/v2\/media?parent=80"}],"curies":[{"name":"wp","href":"https:\/\/api.w.org\/{rel}","templated":true}]}}