{"id":829,"date":"2023-07-14T23:58:00","date_gmt":"2023-07-14T21:58:00","guid":{"rendered":"https:\/\/orientering.sjovalla.se\/?page_id=829"},"modified":"2023-07-15T00:37:02","modified_gmt":"2023-07-14T22:37:02","slug":"o-ringen-2023","status":"publish","type":"page","link":"https:\/\/orientering.sjovalla.se\/index.php\/for-medlemmar\/tavlingar\/o-ringen-2023\/","title":{"rendered":"O-Ringen 2023"},"content":{"rendered":"\n<p>H\u00e4r \u00e4r lite snabbinformation f\u00f6r O-Ringen 2023.<\/p>\n\n\n\n<h3 class=\"wp-block-heading\">Startlistor<\/h3>\n\n\n\n<ul class=\"wp-block-list\">\n<li><a href=\"https:\/\/resultat.oringen.se\/2023\/list?orderBy=startTime&amp;organisation=Sj%C3%B6valla%20FK%7CSWE&amp;raceId=109&amp;type=startList\">Etapp 1<\/a> (11:01 &#8211; 12:12)<\/li>\n\n\n\n<li><a href=\"https:\/\/resultat.oringen.se\/2023\/list?orderBy=startTime&amp;organisation=Sj%C3%B6valla%20FK%7CSWE&amp;raceId=110&amp;type=startList\">Etapp 2<\/a> (12:16 &#8211; 13:28)<\/li>\n\n\n\n<li><a href=\"https:\/\/resultat.oringen.se\/2023\/list?orderBy=startTime&amp;organisation=Sj%C3%B6valla%20FK%7CSWE&amp;raceId=111&amp;type=startList\">Etapp 3<\/a> (08:32 &#8211; 09:44)<\/li>\n\n\n\n<li><a href=\"https:\/\/resultat.oringen.se\/2023\/list?orderBy=startTime&amp;organisation=Sj%C3%B6valla%20FK%7CSWE&amp;raceId=112&amp;type=startList\">Etapp 4<\/a> (09:45 &#8211; 10:59)<\/li>\n\n\n\n<li><a href=\"https:\/\/resultat.oringen.se\/2023\/list?orderBy=startTime&amp;organisation=Sj%C3%B6valla%20FK%7CSWE&amp;raceId=113&amp;type=startList\">Etapp 5<\/a> (11:11 &#8211; 11:54)<\/li>\n<\/ul>\n\n\n\n<h3 class=\"wp-block-heading\">Resultatlista Sj\u00f6valla FK<\/h3>\n\n\n\n<ul class=\"wp-block-list\">\n<li><a href=\"https:\/\/resultat.oringen.se\/2023\/list?organisation=Sj%C3%B6valla%20FK%7CSWE&amp;raceId=109&amp;type=raceResultList\">Etapp 1<\/a><\/li>\n\n\n\n<li><a href=\"https:\/\/resultat.oringen.se\/2023\/list?orderBy=primaryPlace&amp;organisation=Sj%C3%B6valla%20FK%7CSWE&amp;raceId=110&amp;type=raceResultList\">Etapp 2<\/a><\/li>\n\n\n\n<li><a href=\"https:\/\/resultat.oringen.se\/2023\/list?orderBy=primaryPlace&amp;organisation=Sj%C3%B6valla%20FK%7CSWE&amp;raceId=111&amp;type=raceResultList\">Etapp 3<\/a><\/li>\n\n\n\n<li><a href=\"https:\/\/resultat.oringen.se\/2023\/list?orderBy=primaryPlace&amp;organisation=Sj%C3%B6valla%20FK%7CSWE&amp;raceId=112&amp;type=raceResultList\">Etapp 4<\/a><\/li>\n\n\n\n<li><a href=\"https:\/\/resultat.oringen.se\/2023\/list?orderBy=primaryPlace&amp;organisation=Sj%C3%B6valla%20FK%7CSWE&amp;raceId=113&amp;type=raceResultList\">Etapp 5<\/a><\/li>\n\n\n\n<li><a href=\"https:\/\/resultat.oringen.se\/2023\/list?orderBy=primaryPlace&amp;organisation=Sj%C3%B6valla%20FK%7CSWE&amp;raceId=113&amp;type=overallResultList\">Total<\/a><\/li>\n<\/ul>\n\n\n\n<h3 class=\"wp-block-heading\">\u00d6vrigt<\/h3>\n\n\n\n<ul class=\"wp-block-list\">\n<li><a href=\"https:\/\/oringen.se\/\">O-Ringen webbplats<\/a><\/li>\n\n\n\n<li><a href=\"https:\/\/www.yumpu.com\/en\/document\/read\/68353447\/programtidning-o-ringen-are-2023\">Programtidning<\/a> f\u00f6r O-Ringen (H\u00e4r hittar du information om respektive etapp, restider med mera)<\/li>\n\n\n\n<li><a href=\"https:\/\/livelox.com\">Livelox.com<\/a><\/li>\n\n\n\n<li>Ber\u00e4kna <a href=\"https:\/\/callebokedal.github.io\/ol-time\/\">OL-tider<\/a><\/li>\n<\/ul>\n","protected":false},"excerpt":{"rendered":"<p>H\u00e4r \u00e4r lite snabbinformation f\u00f6r O-Ringen 2023. Startlistor Resultatlista Sj\u00f6valla FK \u00d6vrigt<\/p>\n","protected":false},"author":4,"featured_media":0,"parent":162,"menu_order":4,"comment_status":"closed","ping_status":"closed","template":"","meta":{"footnotes":""},"class_list":["post-829","page","type-page","status-publish","hentry"],"_links":{"self":[{"href":"https:\/\/orientering.sjovalla.se\/index.php\/wp-json\/wp\/v2\/pages\/829","targetHints":{"allow":["GET"]}}],"collection":[{"href":"https:\/\/orientering.sjovalla.se\/index.php\/wp-json\/wp\/v2\/pages"}],"about":[{"href":"https:\/\/orientering.sjovalla.se\/index.php\/wp-json\/wp\/v2\/types\/page"}],"author":[{"embeddable":true,"href":"https:\/\/orientering.sjovalla.se\/index.php\/wp-json\/wp\/v2\/users\/4"}],"replies":[{"embeddable":true,"href":"https:\/\/orientering.sjovalla.se\/index.php\/wp-json\/wp\/v2\/comments?post=829"}],"version-history":[{"count":9,"href":"https:\/\/orientering.sjovalla.se\/index.php\/wp-json\/wp\/v2\/pages\/829\/revisions"}],"predecessor-version":[{"id":843,"href":"https:\/\/orientering.sjovalla.se\/index.php\/wp-json\/wp\/v2\/pages\/829\/revisions\/843"}],"up":[{"embeddable":true,"href":"https:\/\/orientering.sjovalla.se\/index.php\/wp-json\/wp\/v2\/pages\/162"}],"wp:attachment":[{"href":"https:\/\/orientering.sjovalla.se\/index.php\/wp-json\/wp\/v2\/media?parent=829"}],"curies":[{"name":"wp","href":"https:\/\/api.w.org\/{rel}","templated":true}]}}